{"id":1701,"date":"2023-11-24T09:44:00","date_gmt":"2023-11-24T09:44:00","guid":{"rendered":"https:\/\/apexa.alithemes.com\/?page_id=1701"},"modified":"2025-05-09T01:12:44","modified_gmt":"2025-05-08T22:12:44","slug":"pomza-kullanim-alanlari","status":"publish","type":"page","link":"https:\/\/www.neostonepomza.com\/en\/pomza-kullanim-alanlari","title":{"rendered":"Pumice Usage Areas"},"content":{"rendered":"<div data-elementor-type=\"wp-page\" data-elementor-id=\"1701\" class=\"elementor elementor-1701\">\n\t\t\t\t<div class=\"elementor-element elementor-element-fb35f6b e-flex e-con-boxed e-con e-parent\" data-id=\"fb35f6b\" data-element_type=\"container\" data-settings=\"{&quot;background_background&quot;:&quot;classic&quot;}\">\n\t\t\t\t\t<div class=\"e-con-inner\">\n\t\t\t\t<div class=\"elementor-element elementor-element-e379aec elementor-widget elementor-widget-project-list\" data-id=\"e379aec\" data-element_type=\"widget\" data-widget_type=\"project-list.default\">\n\t\t\t\t<div class=\"elementor-widget-container\">\n\t\t\t\t\t\r\n        \r\n            <div class=\"swiper-container project-active-two\">\r\n                <div class=\"swiper-wrapper\">\r\n                                                                        <div class=\"swiper-slide\">\r\n                                <div class=\"project__item-four\">\r\n                                    <div class=\"project__thumb-four\">\r\n                                        <a href=\"https:\/\/www.neostonepomza.com\/en\/kullanim\/tekstil-sektorunde-pomza-kullanimi\">\r\n                                            <img decoding=\"async\" src=\"https:\/\/www.neostonepomza.com\/wp-content\/uploads\/2023\/11\/tekstil-sektorunde-kullanim.png\" alt=\"Image\">\r\n                                        <\/a>\r\n                                    <\/div>\r\n                                    <div class=\"project__content-four\">\r\n                                        <div class=\"left-content\">\r\n                                            <h4 class=\"title\">\r\n                                                <a href=\"https:\/\/www.neostonepomza.com\/en\/kullanim\/tekstil-sektorunde-pomza-kullanimi\">Textile industry \u2013 Stonewash<\/a>\r\n                                            <\/h4>\r\n                                                                                            <span>Pumice Stone<\/span>\r\n                                                                                    <\/div>\r\n                                        <a href=\"https:\/\/www.neostonepomza.com\/en\/kullanim\/tekstil-sektorunde-pomza-kullanimi\" class=\"right-arrow\"><i class=\"flaticon-arrow-button\"><\/i><\/a>\r\n                                    <\/div>\r\n                                <\/div>\r\n                            <\/div>\r\n                        \r\n                                                                        <div class=\"swiper-slide\">\r\n                                <div class=\"project__item-four\">\r\n                                    <div class=\"project__thumb-four\">\r\n                                        <a href=\"https:\/\/www.neostonepomza.com\/en\/kullanim\/insaat-sektorunde-pomza-kullanimi\">\r\n                                            <img decoding=\"async\" src=\"https:\/\/www.neostonepomza.com\/wp-content\/uploads\/2025\/05\/insaatpomza.png\" alt=\"Image\">\r\n                                        <\/a>\r\n                                    <\/div>\r\n                                    <div class=\"project__content-four\">\r\n                                        <div class=\"left-content\">\r\n                                            <h4 class=\"title\">\r\n                                                <a href=\"https:\/\/www.neostonepomza.com\/en\/kullanim\/insaat-sektorunde-pomza-kullanimi\">Pumice for Construction<\/a>\r\n                                            <\/h4>\r\n                                                                                            <span>Pumice Stone<\/span>\r\n                                                                                    <\/div>\r\n                                        <a href=\"https:\/\/www.neostonepomza.com\/en\/kullanim\/insaat-sektorunde-pomza-kullanimi\" class=\"right-arrow\"><i class=\"flaticon-arrow-button\"><\/i><\/a>\r\n                                    <\/div>\r\n                                <\/div>\r\n                            <\/div>\r\n                        \r\n                                                                        <div class=\"swiper-slide\">\r\n                                <div class=\"project__item-four\">\r\n                                    <div class=\"project__thumb-four\">\r\n                                        <a href=\"https:\/\/www.neostonepomza.com\/en\/kullanim\/peyzaj-endustrisinde-pomza-kullanimi\">\r\n                                            <img decoding=\"async\" src=\"https:\/\/www.neostonepomza.com\/wp-content\/uploads\/2025\/05\/PEYZAJ-sektorunde-kullanim.png\" alt=\"Image\">\r\n                                        <\/a>\r\n                                    <\/div>\r\n                                    <div class=\"project__content-four\">\r\n                                        <div class=\"left-content\">\r\n                                            <h4 class=\"title\">\r\n                                                <a href=\"https:\/\/www.neostonepomza.com\/en\/kullanim\/peyzaj-endustrisinde-pomza-kullanimi\">Pumice for Landscaping<\/a>\r\n                                            <\/h4>\r\n                                                                                            <span>Pumice Stone<\/span>\r\n                                                                                    <\/div>\r\n                                        <a href=\"https:\/\/www.neostonepomza.com\/en\/kullanim\/peyzaj-endustrisinde-pomza-kullanimi\" class=\"right-arrow\"><i class=\"flaticon-arrow-button\"><\/i><\/a>\r\n                                    <\/div>\r\n                                <\/div>\r\n                            <\/div>\r\n                        \r\n                                                                        <div class=\"swiper-slide\">\r\n                                <div class=\"project__item-four\">\r\n                                    <div class=\"project__thumb-four\">\r\n                                        <a href=\"https:\/\/www.neostonepomza.com\/en\/kullanim\/tarim-endustrisinde-pomza-kullanimi\">\r\n                                            <img decoding=\"async\" src=\"https:\/\/www.neostonepomza.com\/wp-content\/uploads\/2025\/05\/agriculture-healthy-food-scaled.jpg\" alt=\"Image\">\r\n                                        <\/a>\r\n                                    <\/div>\r\n                                    <div class=\"project__content-four\">\r\n                                        <div class=\"left-content\">\r\n                                            <h4 class=\"title\">\r\n                                                <a href=\"https:\/\/www.neostonepomza.com\/en\/kullanim\/tarim-endustrisinde-pomza-kullanimi\">Pumice for Agriculture<\/a>\r\n                                            <\/h4>\r\n                                                                                            <span>Pumice Stone<\/span>\r\n                                                                                    <\/div>\r\n                                        <a href=\"https:\/\/www.neostonepomza.com\/en\/kullanim\/tarim-endustrisinde-pomza-kullanimi\" class=\"right-arrow\"><i class=\"flaticon-arrow-button\"><\/i><\/a>\r\n                                    <\/div>\r\n                                <\/div>\r\n                            <\/div>\r\n                        \r\n                                    <\/div>\r\n            <\/div>\r\n\r\n        \r\n\t\t\t\t<\/div>\n\t\t\t\t<\/div>\n\t\t\t\t<div class=\"elementor-element elementor-element-0653d9f elementor-widget__width-auto elementor-absolute elementor-invisible elementor-widget elementor-widget-image\" data-id=\"0653d9f\" data-element_type=\"widget\" data-settings=\"{&quot;_position&quot;:&quot;absolute&quot;,&quot;_animation&quot;:&quot;fadeInRight&quot;,&quot;_animation_delay&quot;:0.3}\" data-widget_type=\"image.default\">\n\t\t\t\t<div class=\"elementor-widget-container\">\n\t\t\t\t\t\t\t\t\t\t\t\t\t\t\t<img fetchpriority=\"high\" decoding=\"async\" width=\"350\" height=\"309\" src=\"https:\/\/www.neostonepomza.com\/wp-content\/uploads\/2023\/11\/h2_services_shape02.png\" class=\"attachment-full size-full wp-image-1101\" alt=\"\" \/>\t\t\t\t\t\t\t\t\t\t\t\t\t\t\t<\/div>\n\t\t\t\t<\/div>\n\t\t\t\t<div class=\"elementor-element elementor-element-b661cb9 elementor-widget__width-auto elementor-absolute elementor-invisible elementor-widget elementor-widget-image\" data-id=\"b661cb9\" data-element_type=\"widget\" data-settings=\"{&quot;_position&quot;:&quot;absolute&quot;,&quot;_animation&quot;:&quot;fadeInLeft&quot;,&quot;_animation_delay&quot;:0.3}\" data-widget_type=\"image.default\">\n\t\t\t\t<div class=\"elementor-widget-container\">\n\t\t\t\t\t\t\t\t\t\t\t\t\t\t\t<img decoding=\"async\" width=\"336\" height=\"307\" src=\"https:\/\/www.neostonepomza.com\/wp-content\/uploads\/2023\/11\/h2_services_shape01.png\" class=\"attachment-full size-full wp-image-1100\" alt=\"\" \/>\t\t\t\t\t\t\t\t\t\t\t\t\t\t\t<\/div>\n\t\t\t\t<\/div>\n\t\t\t\t\t<\/div>\n\t\t\t\t<\/div>\n\t\t\t\t<\/div>","protected":false},"excerpt":{"rendered":"<p>Tekstil Sekt\u00f6r\u00fcnde Pomza Kullan\u0131m\u0131 Pomza Ta\u015f\u0131 \u0130n\u015faat Sekt\u00f6r\u00fcnde Pomza Kullan\u0131m\u0131 Pomza Ta\u015f\u0131 Peyzaj End\u00fcstrisinde Pomza Kullan\u0131m\u0131 Pomza Ta\u015f\u0131 Tar\u0131m End\u00fcstrisinde Pomza Kullan\u0131m\u0131 Pomza Ta\u015f\u0131<\/p>","protected":false},"author":1,"featured_media":0,"parent":0,"menu_order":0,"comment_status":"closed","ping_status":"closed","template":"elementor_header_footer","meta":{"_acf_changed":false,"footnotes":""},"class_list":["post-1701","page","type-page","status-publish","hentry"],"acf":[],"_links":{"self":[{"href":"https:\/\/www.neostonepomza.com\/en\/wp-json\/wp\/v2\/pages\/1701","targetHints":{"allow":["GET"]}}],"collection":[{"href":"https:\/\/www.neostonepomza.com\/en\/wp-json\/wp\/v2\/pages"}],"about":[{"href":"https:\/\/www.neostonepomza.com\/en\/wp-json\/wp\/v2\/types\/page"}],"author":[{"embeddable":true,"href":"https:\/\/www.neostonepomza.com\/en\/wp-json\/wp\/v2\/users\/1"}],"replies":[{"embeddable":true,"href":"https:\/\/www.neostonepomza.com\/en\/wp-json\/wp\/v2\/comments?post=1701"}],"version-history":[{"count":5,"href":"https:\/\/www.neostonepomza.com\/en\/wp-json\/wp\/v2\/pages\/1701\/revisions"}],"predecessor-version":[{"id":3604,"href":"https:\/\/www.neostonepomza.com\/en\/wp-json\/wp\/v2\/pages\/1701\/revisions\/3604"}],"wp:attachment":[{"href":"https:\/\/www.neostonepomza.com\/en\/wp-json\/wp\/v2\/media?parent=1701"}],"curies":[{"name":"wp","href":"https:\/\/api.w.org\/{rel}","templated":true}]}}