{"id":1759,"date":"2023-11-24T14:17:08","date_gmt":"2023-11-24T14:17:08","guid":{"rendered":"https:\/\/apexa.alithemes.com\/?page_id=1759"},"modified":"2025-05-08T10:01:36","modified_gmt":"2025-05-08T07:01:36","slug":"hakkimizda","status":"publish","type":"page","link":"https:\/\/www.neostonepomza.com\/en\/hakkimizda","title":{"rendered":"About"},"content":{"rendered":"<div data-elementor-type=\"wp-page\" data-elementor-id=\"1759\" class=\"elementor elementor-1759\">\n\t\t\t\t<div class=\"elementor-element elementor-element-69bf0c1 e-flex e-con-boxed e-con e-parent\" data-id=\"69bf0c1\" data-element_type=\"container\" data-settings=\"{&quot;background_background&quot;:&quot;classic&quot;}\">\n\t\t\t\t\t<div class=\"e-con-inner\">\n\t\t\t\t<div class=\"elementor-element elementor-element-24b4a32 elementor-widget__width-auto elementor-absolute elementor-invisible elementor-widget elementor-widget-image\" data-id=\"24b4a32\" data-element_type=\"widget\" data-settings=\"{&quot;_position&quot;:&quot;absolute&quot;,&quot;_animation&quot;:&quot;fadeInRight&quot;,&quot;_animation_delay&quot;:300}\" data-widget_type=\"image.default\">\n\t\t\t\t<div class=\"elementor-widget-container\">\n\t\t\t\t\t\t\t\t\t\t\t\t\t\t\t<img decoding=\"async\" width=\"233\" height=\"207\" src=\"https:\/\/www.neostonepomza.com\/wp-content\/uploads\/2023\/11\/inner_choose_shape02.png\" class=\"attachment-full size-full wp-image-1784\" alt=\"\" \/>\t\t\t\t\t\t\t\t\t\t\t\t\t\t\t<\/div>\n\t\t\t\t<\/div>\n\t\t\t\t<div class=\"elementor-element elementor-element-e0cac36 elementor-widget__width-auto elementor-absolute elementor-invisible elementor-widget elementor-widget-image\" data-id=\"e0cac36\" data-element_type=\"widget\" data-settings=\"{&quot;_position&quot;:&quot;absolute&quot;,&quot;_animation&quot;:&quot;fadeInLeft&quot;,&quot;_animation_delay&quot;:300}\" data-widget_type=\"image.default\">\n\t\t\t\t<div class=\"elementor-widget-container\">\n\t\t\t\t\t\t\t\t\t\t\t\t\t\t\t<img fetchpriority=\"high\" decoding=\"async\" width=\"295\" height=\"209\" src=\"https:\/\/www.neostonepomza.com\/wp-content\/uploads\/2023\/11\/inner_choose_shape01.png\" class=\"attachment-full size-full wp-image-1783\" alt=\"\" \/>\t\t\t\t\t\t\t\t\t\t\t\t\t\t\t<\/div>\n\t\t\t\t<\/div>\n\t\t<div class=\"elementor-element elementor-element-4cc51a4 e-con-full e-flex e-con e-child\" data-id=\"4cc51a4\" data-element_type=\"container\" data-settings=\"{&quot;background_background&quot;:&quot;gradient&quot;}\">\n\t\t\t\t<div class=\"elementor-element elementor-element-bdeb4fc elementor-widget elementor-widget-tg-heading\" data-id=\"bdeb4fc\" data-element_type=\"widget\" data-widget_type=\"tg-heading.default\">\n\t\t\t\t<div class=\"elementor-widget-container\">\n\t\t\t\t\t\r\n        <div class=\"section-title tg-heading-subheading animation-style3\">\r\n                        <h2 class=\"title tg-element-title\">About<\/h2>        <\/div>\r\n\r\n\t\t\t\t<\/div>\n\t\t\t\t<\/div>\n\t\t\t\t<div class=\"elementor-element elementor-element-73f0969 elementor-widget elementor-widget-heading\" data-id=\"73f0969\" data-element_type=\"widget\" data-widget_type=\"heading.default\">\n\t\t\t\t<div class=\"elementor-widget-container\">\n\t\t\t\t\t<p class=\"elementor-heading-title elementor-size-default\">Neostone Pumice About Page<\/p>\t\t\t\t<\/div>\n\t\t\t\t<\/div>\n\t\t\t\t<\/div>\n\t\t\t\t\t<\/div>\n\t\t\t\t<\/div>\n\t\t<div class=\"elementor-element elementor-element-32226f5 e-flex e-con-boxed e-con e-parent\" data-id=\"32226f5\" data-element_type=\"container\" data-settings=\"{&quot;background_background&quot;:&quot;classic&quot;}\">\n\t\t\t\t\t<div class=\"e-con-inner\">\n\t\t<div class=\"elementor-element elementor-element-f553f99 e-con-full e-flex e-con e-child\" data-id=\"f553f99\" data-element_type=\"container\">\n\t\t\t\t<div class=\"elementor-element elementor-element-27245c7 elementor-widget elementor-widget-image\" data-id=\"27245c7\" data-element_type=\"widget\" data-widget_type=\"image.default\">\n\t\t\t\t<div class=\"elementor-widget-container\">\n\t\t\t\t\t\t\t\t\t\t\t\t\t\t\t<img decoding=\"async\" width=\"300\" height=\"500\" src=\"https:\/\/www.neostonepomza.com\/wp-content\/uploads\/2025\/04\/side-about.png\" class=\"attachment-full size-full wp-image-3107\" alt=\"\" \/>\t\t\t\t\t\t\t\t\t\t\t\t\t\t\t<\/div>\n\t\t\t\t<\/div>\n\t\t\t\t<\/div>\n\t\t<div class=\"elementor-element elementor-element-470b242 e-con-full e-flex e-con e-child\" data-id=\"470b242\" data-element_type=\"container\">\n\t\t\t\t<div class=\"elementor-element elementor-element-5d31d97 elementor-widget elementor-widget-text-editor\" data-id=\"5d31d97\" data-element_type=\"widget\" data-widget_type=\"text-editor.default\">\n\t\t\t\t<div class=\"elementor-widget-container\">\n\t\t\t\t\t\t\t\t\t<p>NeoStone is a brand new company that brings a new formation, approach and different perspective to the mining industry.<\/p><p>By bringing together many skilled and experienced people, NeoStone has become a highly experienced company serving the world in the field of pumice stone, perlite and calcite mining for the construction, agricultural and textile industries.<\/p><p>NeoStone is the only mining company in Turkey that capable of supplying and sell\u0131ng materials directly from the mines to the end users and can carry out all operations by itself, as it has licenses for more than 4.000 hectares in Nev\u015fehir, Ni\u011fde, Aksaray and Van regions and an experienced professional staff.<\/p><p>NeoStone is happy to offer our valued customers higher quality products at competitive prices by ensuring that all quality conditions are met at the highest level and in a professional manner through its own licenses, and by reducing its own costs by selling directly to end users and eliminating middle man and traders.<\/p><p>NeoStone is proud to announce that it has the capacity to manufacture and supply simultaneously from all of our regions to ensure that none of our customers are left without supplies during adverse weather conditions.<\/p>\t\t\t\t\t\t\t\t<\/div>\n\t\t\t\t<\/div>\n\t\t\t\t<\/div>\n\t\t\t\t\t<\/div>\n\t\t\t\t<\/div>\n\t\t<div class=\"elementor-element elementor-element-18253c0 e-flex e-con-boxed e-con e-parent\" data-id=\"18253c0\" data-element_type=\"container\" data-settings=\"{&quot;background_background&quot;:&quot;classic&quot;}\">\n\t\t\t\t\t<div class=\"e-con-inner\">\n\t\t\t\t<div class=\"elementor-element elementor-element-5963688 elementor-widget elementor-widget-text-editor\" data-id=\"5963688\" data-element_type=\"widget\" data-widget_type=\"text-editor.default\">\n\t\t\t\t<div class=\"elementor-widget-container\">\n\t\t\t\t\t\t\t\t\t<p style=\"text-align: center;\"><span style=\"color: #808080;\">Our Group Companies<\/span><\/p>\t\t\t\t\t\t\t\t<\/div>\n\t\t\t\t<\/div>\n\t\t\t\t<div class=\"elementor-element elementor-element-a7c17ff elementor-widget elementor-widget-brand\" data-id=\"a7c17ff\" data-element_type=\"widget\" data-widget_type=\"brand.default\">\n\t\t\t\t<div class=\"elementor-widget-container\">\n\t\t\t\t\t\r\n        <div class=\"swiper-container brand-active\">\r\n            <div class=\"swiper-wrapper\">\r\n                                    <div class=\"swiper-slide\">\r\n                        <div class=\"brand-item\">\r\n                                                            <a href=\"#\"><img decoding=\"async\" src=\"https:\/\/www.neostonepomza.com\/wp-content\/uploads\/2025\/05\/1.png\" alt=\"\"><\/a>\r\n                                                    <\/div>\r\n                    <\/div>\r\n                                    <div class=\"swiper-slide\">\r\n                        <div class=\"brand-item\">\r\n                                                            <a href=\"#\"><img decoding=\"async\" src=\"https:\/\/www.neostonepomza.com\/wp-content\/uploads\/2025\/05\/3.png\" alt=\"\"><\/a>\r\n                                                    <\/div>\r\n                    <\/div>\r\n                                    <div class=\"swiper-slide\">\r\n                        <div class=\"brand-item\">\r\n                                                            <a href=\"#\"><img decoding=\"async\" src=\"https:\/\/www.neostonepomza.com\/wp-content\/uploads\/2025\/05\/2.png\" alt=\"\"><\/a>\r\n                                                    <\/div>\r\n                    <\/div>\r\n                                    <div class=\"swiper-slide\">\r\n                        <div class=\"brand-item\">\r\n                                                            <a href=\"#\"><img decoding=\"async\" src=\"https:\/\/www.neostonepomza.com\/wp-content\/uploads\/2025\/05\/4.png\" alt=\"\"><\/a>\r\n                                                    <\/div>\r\n                    <\/div>\r\n                            <\/div>\r\n        <\/div>\r\n\r\n\t\t\t\t<\/div>\n\t\t\t\t<\/div>\n\t\t\t\t\t<\/div>\n\t\t\t\t<\/div>\n\t\t\t\t<\/div>","protected":false},"excerpt":{"rendered":"<p>Hakk\u0131m\u0131zda Neostone Pomza Hakk\u0131nda Sayfas\u0131 NeoStone, madencilik sekt\u00f6r\u00fcne yeni bir olu\u015fum, yakla\u015f\u0131m ve farkl\u0131 bir bak\u0131\u015f a\u00e7\u0131s\u0131 getiren yepyeni bir \u015firkettir. NeoStone, bir\u00e7ok yetenekli ve deneyimli insan\u0131 bir araya getirerek, in\u015faat, tar\u0131m ve tekstil end\u00fcstrileri i\u00e7in pomza ta\u015f\u0131, perlit ve kalsit madencili\u011fi alan\u0131nda d\u00fcnyaya hizmet veren olduk\u00e7a deneyimli bir \u015firket haline gelmi\u015ftir. NeoStone, Nev\u015fehir, Ni\u011fde, [&hellip;]<\/p>","protected":false},"author":1,"featured_media":0,"parent":0,"menu_order":0,"comment_status":"closed","ping_status":"closed","template":"elementor_header_footer","meta":{"_acf_changed":false,"footnotes":""},"class_list":["post-1759","page","type-page","status-publish","hentry"],"acf":[],"_links":{"self":[{"href":"https:\/\/www.neostonepomza.com\/en\/wp-json\/wp\/v2\/pages\/1759","targetHints":{"allow":["GET"]}}],"collection":[{"href":"https:\/\/www.neostonepomza.com\/en\/wp-json\/wp\/v2\/pages"}],"about":[{"href":"https:\/\/www.neostonepomza.com\/en\/wp-json\/wp\/v2\/types\/page"}],"author":[{"embeddable":true,"href":"https:\/\/www.neostonepomza.com\/en\/wp-json\/wp\/v2\/users\/1"}],"replies":[{"embeddable":true,"href":"https:\/\/www.neostonepomza.com\/en\/wp-json\/wp\/v2\/comments?post=1759"}],"version-history":[{"count":62,"href":"https:\/\/www.neostonepomza.com\/en\/wp-json\/wp\/v2\/pages\/1759\/revisions"}],"predecessor-version":[{"id":3439,"href":"https:\/\/www.neostonepomza.com\/en\/wp-json\/wp\/v2\/pages\/1759\/revisions\/3439"}],"wp:attachment":[{"href":"https:\/\/www.neostonepomza.com\/en\/wp-json\/wp\/v2\/media?parent=1759"}],"curies":[{"name":"wp","href":"https:\/\/api.w.org\/{rel}","templated":true}]}}