{"id":1945,"date":"2023-11-25T07:48:26","date_gmt":"2023-11-25T07:48:26","guid":{"rendered":"https:\/\/apexa.alithemes.com\/?page_id=1945"},"modified":"2025-05-09T01:09:37","modified_gmt":"2025-05-08T22:09:37","slug":"iletisim","status":"publish","type":"page","link":"https:\/\/www.neostonepomza.com\/en\/iletisim","title":{"rendered":"Communication"},"content":{"rendered":"<div data-elementor-type=\"wp-page\" data-elementor-id=\"1945\" class=\"elementor elementor-1945\">\n\t\t\t\t<div class=\"elementor-element elementor-element-5bc2a30 e-con-full e-flex e-con e-parent\" data-id=\"5bc2a30\" data-element_type=\"container\">\n\t\t\t\t<div class=\"elementor-element elementor-element-7312aac elementor-widget elementor-widget-heading\" data-id=\"7312aac\" data-element_type=\"widget\" data-widget_type=\"heading.default\">\n\t\t\t\t<div class=\"elementor-widget-container\">\n\t\t\t\t\t<h2 class=\"elementor-heading-title elementor-size-default\">Reach Our Units<\/h2>\t\t\t\t<\/div>\n\t\t\t\t<\/div>\n\t\t\t\t<\/div>\n\t\t<div class=\"elementor-element elementor-element-44129e5 e-flex e-con-boxed e-con e-parent\" data-id=\"44129e5\" data-element_type=\"container\">\n\t\t\t\t\t<div class=\"e-con-inner\">\n\t\t\t\t<div class=\"elementor-element elementor-element-a4b17ad elementor-widget__width-initial elementor-widget elementor-widget-tg-team\" data-id=\"a4b17ad\" data-element_type=\"widget\" data-widget_type=\"tg-team.default\">\n\t\t\t\t<div class=\"elementor-widget-container\">\n\t\t\t\t\t\r\n\r\n\r\n        \r\n            <div class=\"row justify-content-center gutter-24\">\r\n                                    <div class=\"col-lg-3 col-md-6 col-sm-8\">\r\n                        <div class=\"team__item-two shine-animate-item\">\r\n                                                            <div class=\"team__thumb-two shine-animate\">\r\n                                    <img decoding=\"async\" src=\"https:\/\/www.neostonepomza.com\/wp-content\/uploads\/2025\/05\/geneliletisim.png\" alt=\"\">\r\n                                <\/div>\r\n                                                        <div class=\"team__content-two\">\r\n                                <h4 class=\"title\"><a href=\"\">M\u00fc\u015fteri Hizmetleri<\/a><\/h4>\r\n                                                                    <span>General Contact<\/span>\r\n                                                                                                    <div class=\"team__social-two\">\r\n                                        <ul class=\"list-wrap\">\r\n                                            \r\n                                                                                            <li>\r\n                                                    <a href=\"mailto:muhasebe@neostonepomza.com\"><i class=\"far fa-envelope\"><\/i><\/a>\r\n                                                <\/li>\r\n                                            \r\n                                                                                            <li>\r\n                                                    <a href=\"tel:05457602911\"><i class=\"fas fa-phone\"><\/i><\/a>\r\n                                                <\/li>\r\n                                            \r\n                                            \r\n                                            \r\n                                            \r\n                                            \r\n                                            \r\n                                            \r\n                                            \r\n                                            \r\n                                            \r\n                                            \r\n                                            \r\n                                                                                    <\/ul>\r\n                                    <\/div>\r\n                                                            <\/div>\r\n                        <\/div>\r\n                    <\/div>\r\n                                    <div class=\"col-lg-3 col-md-6 col-sm-8\">\r\n                        <div class=\"team__item-two shine-animate-item\">\r\n                                                            <div class=\"team__thumb-two shine-animate\">\r\n                                    <img decoding=\"async\" src=\"https:\/\/www.neostonepomza.com\/wp-content\/uploads\/2025\/05\/satis.png\" alt=\"\">\r\n                                <\/div>\r\n                                                        <div class=\"team__content-two\">\r\n                                <h4 class=\"title\"><a href=\"\">Sales Unit<\/a><\/h4>\r\n                                                                    <span>Pre-Sales and Services<\/span>\r\n                                                                                                    <div class=\"team__social-two\">\r\n                                        <ul class=\"list-wrap\">\r\n                                            \r\n                                                                                            <li>\r\n                                                    <a href=\"mailto:muhasebe@neostonepomza.com\"><i class=\"far fa-envelope\"><\/i><\/a>\r\n                                                <\/li>\r\n                                            \r\n                                                                                            <li>\r\n                                                    <a href=\"tel:05457602911\"><i class=\"fas fa-phone\"><\/i><\/a>\r\n                                                <\/li>\r\n                                            \r\n                                            \r\n                                            \r\n                                            \r\n                                            \r\n                                            \r\n                                            \r\n                                            \r\n                                            \r\n                                            \r\n                                            \r\n                                            \r\n                                                                                    <\/ul>\r\n                                    <\/div>\r\n                                                            <\/div>\r\n                        <\/div>\r\n                    <\/div>\r\n                                    <div class=\"col-lg-3 col-md-6 col-sm-8\">\r\n                        <div class=\"team__item-two shine-animate-item\">\r\n                                                            <div class=\"team__thumb-two shine-animate\">\r\n                                    <img decoding=\"async\" src=\"https:\/\/www.neostonepomza.com\/wp-content\/uploads\/2025\/05\/muhasebe.png\" alt=\"\">\r\n                                <\/div>\r\n                                                        <div class=\"team__content-two\">\r\n                                <h4 class=\"title\"><a href=\"\">Accounting Unit<\/a><\/h4>\r\n                                                                    <span>After Sales Services<\/span>\r\n                                                                                                    <div class=\"team__social-two\">\r\n                                        <ul class=\"list-wrap\">\r\n                                            \r\n                                                                                            <li>\r\n                                                    <a href=\"mailto:muhasebe@neostonepomza.com\"><i class=\"far fa-envelope\"><\/i><\/a>\r\n                                                <\/li>\r\n                                            \r\n                                                                                            <li>\r\n                                                    <a href=\"tel:05457602911\"><i class=\"fas fa-phone\"><\/i><\/a>\r\n                                                <\/li>\r\n                                            \r\n                                            \r\n                                            \r\n                                            \r\n                                            \r\n                                            \r\n                                            \r\n                                            \r\n                                            \r\n                                            \r\n                                            \r\n                                            \r\n                                                                                    <\/ul>\r\n                                    <\/div>\r\n                                                            <\/div>\r\n                        <\/div>\r\n                    <\/div>\r\n                                    <div class=\"col-lg-3 col-md-6 col-sm-8\">\r\n                        <div class=\"team__item-two shine-animate-item\">\r\n                                                            <div class=\"team__thumb-two shine-animate\">\r\n                                    <img decoding=\"async\" src=\"https:\/\/www.neostonepomza.com\/wp-content\/uploads\/2025\/05\/lojistikbirimi.png\" alt=\"\">\r\n                                <\/div>\r\n                                                        <div class=\"team__content-two\">\r\n                                <h4 class=\"title\"><a href=\"\">Logistics Unit<\/a><\/h4>\r\n                                                                    <span>Delivery Services<\/span>\r\n                                                                                                    <div class=\"team__social-two\">\r\n                                        <ul class=\"list-wrap\">\r\n                                            \r\n                                                                                            <li>\r\n                                                    <a href=\"mailto:muhasebe@neostonepomza.com\"><i class=\"far fa-envelope\"><\/i><\/a>\r\n                                                <\/li>\r\n                                            \r\n                                                                                            <li>\r\n                                                    <a href=\"tel:05457602911\"><i class=\"fas fa-phone\"><\/i><\/a>\r\n                                                <\/li>\r\n                                            \r\n                                            \r\n                                            \r\n                                            \r\n                                            \r\n                                            \r\n                                            \r\n                                            \r\n                                            \r\n                                            \r\n                                            \r\n                                            \r\n                                                                                    <\/ul>\r\n                                    <\/div>\r\n                                                            <\/div>\r\n                        <\/div>\r\n                    <\/div>\r\n                            <\/div>\r\n\r\n        \r\n\t\t\t\t<\/div>\n\t\t\t\t<\/div>\n\t\t\t\t\t<\/div>\n\t\t\t\t<\/div>\n\t\t<div class=\"elementor-element elementor-element-b6df3ee e-flex e-con-boxed e-con e-parent\" data-id=\"b6df3ee\" data-element_type=\"container\">\n\t\t\t\t\t<div class=\"e-con-inner\">\n\t\t<div class=\"elementor-element elementor-element-84e4cf7 e-con-full e-flex e-con e-child\" data-id=\"84e4cf7\" data-element_type=\"container\">\n\t\t<div class=\"elementor-element elementor-element-8179cb2 e-con-full e-flex e-con e-child\" data-id=\"8179cb2\" data-element_type=\"container\">\n\t\t\t\t<div class=\"elementor-element elementor-element-69e6452 elementor-widget elementor-widget-heading\" data-id=\"69e6452\" data-element_type=\"widget\" data-widget_type=\"heading.default\">\n\t\t\t\t<div class=\"elementor-widget-container\">\n\t\t\t\t\t<h2 class=\"elementor-heading-title elementor-size-default\">Contact Us<\/h2>\t\t\t\t<\/div>\n\t\t\t\t<\/div>\n\t\t\t\t<div class=\"elementor-element elementor-element-5e53449 elementor-widget elementor-widget-heading\" data-id=\"5e53449\" data-element_type=\"widget\" data-widget_type=\"heading.default\">\n\t\t\t\t<div class=\"elementor-widget-container\">\n\t\t\t\t\t<p class=\"elementor-heading-title elementor-size-default\">Our contact information for price offers, products and feedback:<\/p>\t\t\t\t<\/div>\n\t\t\t\t<\/div>\n\t\t\t\t<div class=\"elementor-element elementor-element-b685a3b elementor-widget elementor-widget-contact-info\" data-id=\"b685a3b\" data-element_type=\"widget\" data-widget_type=\"contact-info.default\">\n\t\t\t\t<div class=\"elementor-widget-container\">\n\t\t\t\t\t\r\n        <div class=\"contact__info\">\r\n            <ul class=\"list-wrap\">\r\n                                    <li>\r\n                                                    <div class=\"icon\">\r\n                                <i aria-hidden=\"true\" class=\"flaticon-pin\"><\/i>                            <\/div>\r\n                                                <div class=\"content\">\r\n                            <h4 class=\"title\">Address<\/h4>\r\n                            <p>Sazl\u0131ca Town New Neighborhood Adana Street No:175 Center \/ Ni\u011fde<\/p>\r\n                        <\/div>\r\n                    <\/li>\r\n                                    <li>\r\n                                                    <div class=\"icon\">\r\n                                <i aria-hidden=\"true\" class=\"genix flaticon-phone-call\"><\/i>                            <\/div>\r\n                                                <div class=\"content\">\r\n                            <h4 class=\"title\">Telephone<\/h4>\r\n                            <p>+90 545 760 29 11<\/p>\r\n                        <\/div>\r\n                    <\/li>\r\n                                    <li>\r\n                                                    <div class=\"icon\">\r\n                                <i aria-hidden=\"true\" class=\"genix flaticon-mail\"><\/i>                            <\/div>\r\n                                                <div class=\"content\">\r\n                            <h4 class=\"title\">E-mail<\/h4>\r\n                            <p>info@neostone.com<\/p>\r\n                        <\/div>\r\n                    <\/li>\r\n                            <\/ul>\r\n        <\/div>\r\n\r\n\t\t\t\t<\/div>\n\t\t\t\t<\/div>\n\t\t\t\t<\/div>\n\t\t<div class=\"elementor-element elementor-element-4867449 e-con-full e-flex e-con e-child\" data-id=\"4867449\" data-element_type=\"container\">\n\t\t\t\t<div class=\"elementor-element elementor-element-816d36f elementor-widget elementor-widget-shortcode\" data-id=\"816d36f\" data-element_type=\"widget\" data-widget_type=\"shortcode.default\">\n\t\t\t\t<div class=\"elementor-widget-container\">\n\t\t\t\t\t\t\t<div class=\"elementor-shortcode\">\n<div class=\"wpcf7 no-js\" id=\"wpcf7-f1953-o1\" lang=\"en-US\" dir=\"ltr\" data-wpcf7-id=\"1953\">\n<div class=\"screen-reader-response\"><p role=\"status\" aria-live=\"polite\" aria-atomic=\"true\"><\/p> <ul><\/ul><\/div>\n<form action=\"\/en\/wp-json\/wp\/v2\/pages\/1945#wpcf7-f1953-o1\" method=\"post\" class=\"wpcf7-form init\" aria-label=\"Contact form\" novalidate=\"novalidate\" data-status=\"init\" data-trp-original-action=\"\/en\/wp-json\/wp\/v2\/pages\/1945#wpcf7-f1953-o1\">\n<fieldset class=\"hidden-fields-container\"><input type=\"hidden\" name=\"_wpcf7\" value=\"1953\" \/><input type=\"hidden\" name=\"_wpcf7_version\" value=\"6.1.2\" \/><input type=\"hidden\" name=\"_wpcf7_locale\" value=\"en_US\" \/><input type=\"hidden\" name=\"_wpcf7_unit_tag\" value=\"wpcf7-f1953-o1\" \/><input type=\"hidden\" name=\"_wpcf7_container_post\" value=\"0\" \/><input type=\"hidden\" name=\"_wpcf7_posted_data_hash\" value=\"\" \/>\n<\/fieldset>\n<div class=\"contact__form-wrap\">\n    <h2 class=\"title\">Offer \/ Contact Form<\/h2>\n    <p>Your email address will not be published. Required fields are marked *<\/p>\n    <div class=\"form-grp\">\n        <span class=\"wpcf7-form-control-wrap\" data-name=\"your-message\"><textarea cols=\"40\" rows=\"10\" maxlength=\"2000\" class=\"wpcf7-form-control wpcf7-textarea\" aria-invalid=\"false\" placeholder=\"Your message\" name=\"your-message\"><\/textarea><\/span>\n    <\/div>\n    <div class=\"row\">\n        <div class=\"col-md-4\">\n            <div class=\"form-grp\">\n                <span class=\"wpcf7-form-control-wrap\" data-name=\"your-name\"><input size=\"40\" maxlength=\"400\" class=\"wpcf7-form-control wpcf7-text\" aria-invalid=\"false\" placeholder=\"Name Surname\" value=\"\" type=\"text\" name=\"your-name\" \/><\/span>\n            <\/div>\n        <\/div>\n        <div class=\"col-md-4\">\n            <div class=\"form-grp\">\n                <span class=\"wpcf7-form-control-wrap\" data-name=\"your-email\"><input size=\"40\" maxlength=\"400\" class=\"wpcf7-form-control wpcf7-email wpcf7-validates-as-required wpcf7-text wpcf7-validates-as-email\" aria-required=\"true\" aria-invalid=\"false\" placeholder=\"E-mail\" value=\"\" type=\"email\" name=\"your-email\" \/><\/span>\n            <\/div>\n        <\/div>\n        <div class=\"col-md-4\">\n            <div class=\"form-grp\">\n                <span class=\"wpcf7-form-control-wrap\" data-name=\"your-phone\"><input size=\"40\" maxlength=\"400\" class=\"wpcf7-form-control wpcf7-tel wpcf7-text wpcf7-validates-as-tel\" aria-invalid=\"false\" placeholder=\"Telephone\" value=\"\" type=\"tel\" name=\"your-phone\" \/><\/span>\n            <\/div>\n        <\/div>\n    <\/div>\n    <div class=\"form-grp checkbox-grp\">\n        <input type=\"checkbox\" name=\"checkbox\" id=\"checkbox\">\n        <label for=\"checkbox\">Save my name, email, and website in this browser for the next time I comment.<\/label>\n    <\/div>\n    <button type=\"submit\" class=\"btn\">SEND<\/button>\n<\/div><div class=\"wpcf7-response-output\" aria-hidden=\"true\"><\/div>\n<input type=\"hidden\" name=\"trp-form-language\" value=\"en\"\/><\/form>\n<\/div>\n<\/div>\n\t\t\t\t\t\t<\/div>\n\t\t\t\t<\/div>\n\t\t\t\t<\/div>\n\t\t\t\t<\/div>\n\t\t\t\t\t<\/div>\n\t\t\t\t<\/div>\n\t\t<div class=\"elementor-element elementor-element-be12586 e-con-full e-flex e-con e-parent\" data-id=\"be12586\" data-element_type=\"container\">\n\t\t<div class=\"elementor-element elementor-element-a11fa63 e-con-full e-flex e-con e-child\" data-id=\"a11fa63\" data-element_type=\"container\">\n\t\t\t\t<div class=\"elementor-element elementor-element-5c900dc elementor-widget elementor-widget-google_maps\" data-id=\"5c900dc\" data-element_type=\"widget\" data-widget_type=\"google_maps.default\">\n\t\t\t\t<div class=\"elementor-widget-container\">\n\t\t\t\t\t\t\t<div class=\"elementor-custom-embed\">\n\t\t\t<iframe loading=\"lazy\"\n\t\t\t\t\tsrc=\"https:\/\/maps.google.com\/maps?q=Sazl%C4%B1ca%20Beldesi%20Yeni%20Mah.%20Adana%20Cad.%20No%3A175%20Merkez%C2%A0%2F%C2%A0Ni%C4%9Fde&#038;t=m&#038;z=15&#038;output=embed&#038;iwloc=near\"\n\t\t\t\t\ttitle=\"Sazl\u0131ca Town New Neighborhood Adana Street No:175 Center \/ Ni\u011fde\"\n\t\t\t\t\taria-label=\"Sazl\u0131ca Town New Neighborhood Adana Street No:175 Center \/ Ni\u011fde\"\n\t\t\t><\/iframe>\n\t\t<\/div>\n\t\t\t\t\t\t<\/div>\n\t\t\t\t<\/div>\n\t\t\t\t<\/div>\n\t\t\t\t<\/div>\n\t\t\t\t<\/div>","protected":false},"excerpt":{"rendered":"<p>Birimlerimize Ula\u015f\u0131n M\u00fc\u015fteri Hizmetleri Genel \u0130leti\u015fim Sat\u0131\u015f Birimi Sat\u0131\u015f ve \u00d6ncesi Hizmetler Muhasebe Birimi Sat\u0131\u015f Sonras\u0131 Hizmetler Lojistik Birimi Teslimat Hizmetleri Bize Ula\u015f\u0131n Fiyat Teklifi , \u00dcr\u00fcnlerimiz ve Geri Bildirimleriniz i\u00e7in ileti\u015fim bilgilerimiz: Adres Sazl\u0131ca Beldesi Yeni Mah. Adana Cad. No:175 Merkez\u00a0\/\u00a0Ni\u011fde Telefon +90 545 760 29 11 E-mail info@neostone.com<\/p>","protected":false},"author":1,"featured_media":0,"parent":0,"menu_order":0,"comment_status":"closed","ping_status":"closed","template":"elementor_header_footer","meta":{"_acf_changed":false,"footnotes":""},"class_list":["post-1945","page","type-page","status-publish","hentry"],"acf":[],"_links":{"self":[{"href":"https:\/\/www.neostonepomza.com\/en\/wp-json\/wp\/v2\/pages\/1945","targetHints":{"allow":["GET"]}}],"collection":[{"href":"https:\/\/www.neostonepomza.com\/en\/wp-json\/wp\/v2\/pages"}],"about":[{"href":"https:\/\/www.neostonepomza.com\/en\/wp-json\/wp\/v2\/types\/page"}],"author":[{"embeddable":true,"href":"https:\/\/www.neostonepomza.com\/en\/wp-json\/wp\/v2\/users\/1"}],"replies":[{"embeddable":true,"href":"https:\/\/www.neostonepomza.com\/en\/wp-json\/wp\/v2\/comments?post=1945"}],"version-history":[{"count":26,"href":"https:\/\/www.neostonepomza.com\/en\/wp-json\/wp\/v2\/pages\/1945\/revisions"}],"predecessor-version":[{"id":3601,"href":"https:\/\/www.neostonepomza.com\/en\/wp-json\/wp\/v2\/pages\/1945\/revisions\/3601"}],"wp:attachment":[{"href":"https:\/\/www.neostonepomza.com\/en\/wp-json\/wp\/v2\/media?parent=1945"}],"curies":[{"name":"wp","href":"https:\/\/api.w.org\/{rel}","templated":true}]}}